{"id":1340,"date":"2022-06-13T15:55:07","date_gmt":"2022-06-13T18:55:07","guid":{"rendered":"https:\/\/novo.roteirobonitoms.com.br\/?page_id=1340"},"modified":"2024-03-06T16:56:50","modified_gmt":"2024-03-06T19:56:50","slug":"contactar","status":"publish","type":"page","link":"https:\/\/roteirobonitoms.com.br\/es\/contato\/","title":{"rendered":"Contacta con"},"content":{"rendered":"\t\t<div data-elementor-type=\"wp-page\" data-elementor-id=\"1340\" class=\"elementor elementor-1340\" data-elementor-post-type=\"page\">\n\t\t\t\t\t\t<section class=\"elementor-section elementor-top-section elementor-element elementor-element-f31588d elementor-section-boxed elementor-section-height-default elementor-section-height-default\" data-id=\"f31588d\" data-element_type=\"section\" data-e-type=\"section\" data-settings=\"{&quot;background_background&quot;:&quot;classic&quot;}\">\n\t\t\t\t\t\t\t<div class=\"elementor-background-overlay\"><\/div>\n\t\t\t\t\t\t\t<div class=\"elementor-container elementor-column-gap-no\">\n\t\t\t\t\t<div class=\"elementor-column elementor-col-100 elementor-top-column elementor-element elementor-element-1604ce1b\" data-id=\"1604ce1b\" data-element_type=\"column\" data-e-type=\"column\">\n\t\t\t<div class=\"elementor-widget-wrap elementor-element-populated\">\n\t\t\t\t\t\t<section class=\"elementor-section elementor-inner-section elementor-element elementor-element-1dbed400 elementor-section-boxed elementor-section-height-default elementor-section-height-default\" data-id=\"1dbed400\" data-element_type=\"section\" data-e-type=\"section\">\n\t\t\t\t\t\t<div class=\"elementor-container elementor-column-gap-no\">\n\t\t\t\t\t<div class=\"elementor-column elementor-col-50 elementor-inner-column elementor-element elementor-element-79b1abf9\" data-id=\"79b1abf9\" data-element_type=\"column\" data-e-type=\"column\">\n\t\t\t<div class=\"elementor-widget-wrap elementor-element-populated\">\n\t\t\t\t\t\t<div class=\"elementor-element elementor-element-5633b349 elementor-widget elementor-widget-heading\" data-id=\"5633b349\" data-element_type=\"widget\" data-e-type=\"widget\" data-widget_type=\"heading.default\">\n\t\t\t\t<div class=\"elementor-widget-container\">\n\t\t\t\t\t<h1 class=\"elementor-heading-title elementor-size-default\">Fale conosco<\/h1>\t\t\t\t<\/div>\n\t\t\t\t<\/div>\n\t\t\t\t<div class=\"elementor-element elementor-element-1f2c402a elementor-widget elementor-widget-text-editor\" data-id=\"1f2c402a\" data-element_type=\"widget\" data-e-type=\"widget\" data-widget_type=\"text-editor.default\">\n\t\t\t\t<div class=\"elementor-widget-container\">\n\t\t\t\t\t\t\t\t\t<p>D\u00favidas? Entre em contato conosco e retornaremos em at\u00e9 <strong>24 horas \u00fateis<\/strong>.<\/p>\t\t\t\t\t\t\t\t<\/div>\n\t\t\t\t<\/div>\n\t\t\t\t\t<\/div>\n\t\t<\/div>\n\t\t\t\t<div class=\"elementor-column elementor-col-50 elementor-inner-column elementor-element elementor-element-45ebba6a elementor-hidden-tablet elementor-hidden-phone\" data-id=\"45ebba6a\" data-element_type=\"column\" data-e-type=\"column\">\n\t\t\t<div class=\"elementor-widget-wrap\">\n\t\t\t\t\t\t\t<\/div>\n\t\t<\/div>\n\t\t\t\t\t<\/div>\n\t\t<\/section>\n\t\t\t\t\t<\/div>\n\t\t<\/div>\n\t\t\t\t\t<\/div>\n\t\t<\/section>\n\t\t\t\t<section class=\"elementor-section elementor-top-section elementor-element elementor-element-007454e elementor-section-boxed elementor-section-height-default elementor-section-height-default\" data-id=\"007454e\" data-element_type=\"section\" data-e-type=\"section\">\n\t\t\t\t\t\t<div class=\"elementor-container elementor-column-gap-default\">\n\t\t\t\t\t<div class=\"elementor-column elementor-col-100 elementor-top-column elementor-element elementor-element-7d4585f\" data-id=\"7d4585f\" data-element_type=\"column\" data-e-type=\"column\" data-settings=\"{&quot;background_background&quot;:&quot;classic&quot;}\">\n\t\t\t<div class=\"elementor-widget-wrap elementor-element-populated\">\n\t\t\t\t\t\t<div class=\"elementor-element elementor-element-1478c56 elementor-button-align-stretch elementor-widget elementor-widget-form\" data-id=\"1478c56\" data-element_type=\"widget\" data-e-type=\"widget\" data-settings=\"{&quot;step_next_label&quot;:&quot;Enviar&quot;,&quot;step_previous_label&quot;:&quot;[all-fields]&quot;,&quot;button_width&quot;:&quot;100&quot;,&quot;step_type&quot;:&quot;number_text&quot;,&quot;step_icon_shape&quot;:&quot;circle&quot;}\" data-widget_type=\"form.default\">\n\t\t\t\t<div class=\"elementor-widget-container\">\n\t\t\t\t\t\t\t<form class=\"elementor-form\" method=\"post\" name=\"Novo formul\u00e1rio\" aria-label=\"Novo formul\u00e1rio\">\n\t\t\t<input type=\"hidden\" name=\"post_id\" value=\"1340\"\/>\n\t\t\t<input type=\"hidden\" name=\"form_id\" value=\"1478c56\"\/>\n\t\t\t<input type=\"hidden\" name=\"referer_title\" value=\"Contato - Roteiro Bonito - Ag\u00eancia de Turismo em Bonito\/MS\" \/>\n\n\t\t\t\t\t\t\t<input type=\"hidden\" name=\"queried_id\" value=\"1340\"\/>\n\t\t\t\n\t\t\t<div class=\"ele-extensions-hide-form elementor-form-fields-wrapper elementor-labels-above\">\n\t\t\t\t\t\t\t\t<div class=\"elementor-field-type-text elementor-field-group elementor-column elementor-field-group-name elementor-col-100\">\n\t\t\t\t\t\t\t\t\t\t\t\t\t<input size=\"1\" type=\"text\" name=\"form_fields[name]\" id=\"form-field-name\" class=\"elementor-field elementor-size-sm  elementor-field-textual\" placeholder=\"Nome\">\n\t\t\t\t\t\t\t\t\t\t\t<\/div>\n\t\t\t\t\t\t\t\t<div class=\"elementor-field-type-email elementor-field-group elementor-column elementor-field-group-email elementor-col-100 elementor-field-required\">\n\t\t\t\t\t\t\t\t\t\t\t\t\t<input size=\"1\" type=\"email\" name=\"form_fields[email]\" id=\"form-field-email\" class=\"elementor-field elementor-size-sm  elementor-field-textual\" placeholder=\"Email\" required=\"required\">\n\t\t\t\t\t\t\t\t\t\t\t<\/div>\n\t\t\t\t\t\t\t\t<div class=\"elementor-field-type-textarea elementor-field-group elementor-column elementor-field-group-message elementor-col-100\">\n\t\t\t\t\t<textarea class=\"elementor-field-textual elementor-field  elementor-size-sm\" name=\"form_fields[message]\" id=\"form-field-message\" rows=\"4\" placeholder=\"Mensagem\"><\/textarea>\t\t\t\t<\/div>\n\t\t\t\t\t\t\t\t<div class=\"elementor-field-type-recaptcha_v3 elementor-field-group elementor-column elementor-field-group-field_05a6ecc elementor-col-100 recaptcha_v3-bottomright\">\n\t\t\t\t\t<div class=\"elementor-field\" id=\"form-field-field_05a6ecc\"><div class=\"elementor-g-recaptcha\" data-sitekey=\"6Lf2GpQgAAAAAKf7_bYevHJmbJOduBwL6vpWZ6XS\" data-type=\"v3\" data-action=\"Form\" data-badge=\"bottomright\" data-size=\"invisible\"><\/div><\/div>\t\t\t\t<\/div>\n\t\t\t\t\t\t\t\t<div class=\"elementor-field-group elementor-column elementor-field-type-submit elementor-col-100 e-form__buttons\">\n\t\t\t\t\t<button class=\"elementor-button elementor-size-sm\" type=\"submit\">\n\t\t\t\t\t\t<span class=\"elementor-button-content-wrapper\">\n\t\t\t\t\t\t\t\t\t\t\t\t\t\t\t\t\t\t\t\t\t\t<span class=\"elementor-button-text\">[all-fields]<\/span>\n\t\t\t\t\t\t\t\t\t\t\t\t\t<\/span>\n\t\t\t\t\t<\/button>\n\t\t\t\t<\/div>\n\t\t\t<\/div>\n\t\t<\/form>\n\t\t\t\t\t\t<\/div>\n\t\t\t\t<\/div>\n\t\t\t\t\t<\/div>\n\t\t<\/div>\n\t\t\t\t\t<\/div>\n\t\t<\/section>\n\t\t\t\t<\/div>\n\t\t","protected":false},"excerpt":{"rendered":"<p>Contacta con nosotros \u00bfDudas? Ponte en contacto con nosotros y nos pondremos en contacto contigo en un plazo de 24 horas laborables.<\/p>","protected":false},"author":1,"featured_media":0,"parent":0,"menu_order":0,"comment_status":"open","ping_status":"open","template":"elementor_header_footer","meta":{"_acf_changed":false,"footnotes":""},"class_list":["post-1340","page","type-page","status-publish","hentry"],"acf":[],"yoast_head":"<!-- This site is optimized with the Yoast SEO Premium plugin v27.4 (Yoast SEO v27.4) - https:\/\/yoast.com\/product\/yoast-seo-premium-wordpress\/ -->\n<title>Contato - Roteiro Bonito - Ag\u00eancia de Turismo em Bonito\/MS<\/title>\n<meta name=\"robots\" content=\"index, follow, max-snippet:-1, max-image-preview:large, max-video-preview:-1\" \/>\n<link rel=\"canonical\" href=\"https:\/\/roteirobonitoms.com.br\/es\/contactar\/\" \/>\n<meta property=\"og:locale\" content=\"es_ES\" \/>\n<meta property=\"og:type\" content=\"article\" \/>\n<meta property=\"og:title\" content=\"Contato\" \/>\n<meta property=\"og:description\" content=\"Fale conosco D\u00favidas? Entre em contato conosco e retornaremos em at\u00e9 24 horas \u00fateis.\" \/>\n<meta property=\"og:url\" content=\"https:\/\/roteirobonitoms.com.br\/es\/contactar\/\" \/>\n<meta property=\"og:site_name\" content=\"Roteiro Bonito - Ag\u00eancia de Turismo em Bonito\/MS\" \/>\n<meta property=\"article:publisher\" content=\"https:\/\/www.facebook.com\/roteirobonitoms\" \/>\n<meta property=\"article:modified_time\" content=\"2024-03-06T19:56:50+00:00\" \/>\n<meta name=\"twitter:card\" content=\"summary_large_image\" \/>\n<meta name=\"twitter:label1\" content=\"Tiempo de lectura\" \/>\n\t<meta name=\"twitter:data1\" content=\"1 minuto\" \/>\n<script type=\"application\/ld+json\" class=\"yoast-schema-graph\">{\"@context\":\"https:\\\/\\\/schema.org\",\"@graph\":[{\"@type\":\"WebPage\",\"@id\":\"https:\\\/\\\/roteirobonitoms.com.br\\\/es\\\/contato\\\/\",\"url\":\"https:\\\/\\\/roteirobonitoms.com.br\\\/es\\\/contato\\\/\",\"name\":\"Contato - Roteiro Bonito - Ag\u00eancia de Turismo em Bonito\\\/MS\",\"isPartOf\":{\"@id\":\"https:\\\/\\\/roteirobonitoms.com.br\\\/es\\\/#website\"},\"datePublished\":\"2022-06-13T18:55:07+00:00\",\"dateModified\":\"2024-03-06T19:56:50+00:00\",\"breadcrumb\":{\"@id\":\"https:\\\/\\\/roteirobonitoms.com.br\\\/es\\\/contato\\\/#breadcrumb\"},\"inLanguage\":\"es\",\"potentialAction\":[{\"@type\":\"ReadAction\",\"target\":[\"https:\\\/\\\/roteirobonitoms.com.br\\\/es\\\/contato\\\/\"]}]},{\"@type\":\"BreadcrumbList\",\"@id\":\"https:\\\/\\\/roteirobonitoms.com.br\\\/es\\\/contato\\\/#breadcrumb\",\"itemListElement\":[{\"@type\":\"ListItem\",\"position\":1,\"name\":\"Home\",\"item\":\"https:\\\/\\\/roteirobonitoms.com.br\\\/\"},{\"@type\":\"ListItem\",\"position\":2,\"name\":\"Contato\"}]},{\"@type\":\"WebSite\",\"@id\":\"https:\\\/\\\/roteirobonitoms.com.br\\\/es\\\/#website\",\"url\":\"https:\\\/\\\/roteirobonitoms.com.br\\\/es\\\/\",\"name\":\"Roteiro Bonito MS - Ag\u00eancia de Turismo em Bonito\",\"description\":\"Conhe\u00e7a as belezas que Bonito tem para voc\u00ea!\",\"publisher\":{\"@id\":\"https:\\\/\\\/roteirobonitoms.com.br\\\/es\\\/#organization\"},\"alternateName\":\"Ag\u00eancia Roteiro Bonito MS\",\"potentialAction\":[{\"@type\":\"SearchAction\",\"target\":{\"@type\":\"EntryPoint\",\"urlTemplate\":\"https:\\\/\\\/roteirobonitoms.com.br\\\/es\\\/?s={search_term_string}\"},\"query-input\":{\"@type\":\"PropertyValueSpecification\",\"valueRequired\":true,\"valueName\":\"search_term_string\"}}],\"inLanguage\":\"es\"},{\"@type\":\"Organization\",\"@id\":\"https:\\\/\\\/roteirobonitoms.com.br\\\/es\\\/#organization\",\"name\":\"Ag\u00eancia Roteiro Bonito MS\",\"alternateName\":\"Ag\u00eancia Roteiro Bonito MS\",\"url\":\"https:\\\/\\\/roteirobonitoms.com.br\\\/es\\\/\",\"logo\":{\"@type\":\"ImageObject\",\"inLanguage\":\"es\",\"@id\":\"https:\\\/\\\/roteirobonitoms.com.br\\\/es\\\/#\\\/schema\\\/logo\\\/image\\\/\",\"url\":\"https:\\\/\\\/roteirobonitoms.com.br\\\/wp-content\\\/uploads\\\/2022\\\/06\\\/ROTEIRO-BONITO-MS-VETOR.png\",\"contentUrl\":\"https:\\\/\\\/roteirobonitoms.com.br\\\/wp-content\\\/uploads\\\/2022\\\/06\\\/ROTEIRO-BONITO-MS-VETOR.png\",\"width\":5065,\"height\":1612,\"caption\":\"Ag\u00eancia Roteiro Bonito MS\"},\"image\":{\"@id\":\"https:\\\/\\\/roteirobonitoms.com.br\\\/es\\\/#\\\/schema\\\/logo\\\/image\\\/\"},\"sameAs\":[\"https:\\\/\\\/www.facebook.com\\\/roteirobonitoms\",\"https:\\\/\\\/www.instagram.com\\\/roteirobonitoms\\\/\",\"https:\\\/\\\/www.tripadvisor.com.br\\\/Attraction_Review-g303349-d17416687-Reviews-Agencia_Roteiro_Bonito_MS-Bonito_State_of_Mato_Grosso_do_Sul.html\",\"https:\\\/\\\/www.tiktok.com\\\/@roteirobonitoms\"],\"description\":\"Ag\u00eancia de turismo em Bonito, a capital do ecoturismo no Brasil. Cuidamos de tudo na sua viagem.\",\"email\":\"contato@roteirobonitoms.com.br\",\"telephone\":\"(67) 99287-7025\",\"legalName\":\"Roteiro Bonito Ms Operadora de Viagens\",\"foundingDate\":\"2017-11-20\",\"vatID\":\"29.101.637\\\/0001-56\",\"numberOfEmployees\":{\"@type\":\"QuantitativeValue\",\"minValue\":\"1\",\"maxValue\":\"10\"}}]}<\/script>\n<!-- \/ Yoast SEO Premium plugin. -->","yoast_head_json":{"title":"Contacto - Roteiro Bonito - Agencia de Turismo en Bonito\/MS","robots":{"index":"index","follow":"follow","max-snippet":"max-snippet:-1","max-image-preview":"max-image-preview:large","max-video-preview":"max-video-preview:-1"},"canonical":"https:\/\/roteirobonitoms.com.br\/es\/contactar\/","og_locale":"es_ES","og_type":"article","og_title":"Contato","og_description":"Fale conosco D\u00favidas? Entre em contato conosco e retornaremos em at\u00e9 24 horas \u00fateis.","og_url":"https:\/\/roteirobonitoms.com.br\/es\/contactar\/","og_site_name":"Roteiro Bonito - Ag\u00eancia de Turismo em Bonito\/MS","article_publisher":"https:\/\/www.facebook.com\/roteirobonitoms","article_modified_time":"2024-03-06T19:56:50+00:00","twitter_card":"summary_large_image","twitter_misc":{"Tiempo de lectura":"1 minuto"},"schema":{"@context":"https:\/\/schema.org","@graph":[{"@type":"WebPage","@id":"https:\/\/roteirobonitoms.com.br\/es\/contato\/","url":"https:\/\/roteirobonitoms.com.br\/es\/contato\/","name":"Contacto - Roteiro Bonito - Agencia de Turismo en Bonito\/MS","isPartOf":{"@id":"https:\/\/roteirobonitoms.com.br\/es\/#website"},"datePublished":"2022-06-13T18:55:07+00:00","dateModified":"2024-03-06T19:56:50+00:00","breadcrumb":{"@id":"https:\/\/roteirobonitoms.com.br\/es\/contato\/#breadcrumb"},"inLanguage":"es","potentialAction":[{"@type":"ReadAction","target":["https:\/\/roteirobonitoms.com.br\/es\/contato\/"]}]},{"@type":"BreadcrumbList","@id":"https:\/\/roteirobonitoms.com.br\/es\/contato\/#breadcrumb","itemListElement":[{"@type":"ListItem","position":1,"name":"Home","item":"https:\/\/roteirobonitoms.com.br\/"},{"@type":"ListItem","position":2,"name":"Contato"}]},{"@type":"WebSite","@id":"https:\/\/roteirobonitoms.com.br\/es\/#website","url":"https:\/\/roteirobonitoms.com.br\/es\/","name":"Roteiro Bonito MS - Ag\u00eancia de Turismo em Bonito","description":"Conhe\u00e7a as belezas que Bonito tem para voc\u00ea!","publisher":{"@id":"https:\/\/roteirobonitoms.com.br\/es\/#organization"},"alternateName":"Ag\u00eancia Roteiro Bonito MS","potentialAction":[{"@type":"SearchAction","target":{"@type":"EntryPoint","urlTemplate":"https:\/\/roteirobonitoms.com.br\/es\/?s={search_term_string}"},"query-input":{"@type":"PropertyValueSpecification","valueRequired":true,"valueName":"search_term_string"}}],"inLanguage":"es"},{"@type":"Organization","@id":"https:\/\/roteirobonitoms.com.br\/es\/#organization","name":"Ag\u00eancia Roteiro Bonito MS","alternateName":"Ag\u00eancia Roteiro Bonito MS","url":"https:\/\/roteirobonitoms.com.br\/es\/","logo":{"@type":"ImageObject","inLanguage":"es","@id":"https:\/\/roteirobonitoms.com.br\/es\/#\/schema\/logo\/image\/","url":"https:\/\/roteirobonitoms.com.br\/wp-content\/uploads\/2022\/06\/ROTEIRO-BONITO-MS-VETOR.png","contentUrl":"https:\/\/roteirobonitoms.com.br\/wp-content\/uploads\/2022\/06\/ROTEIRO-BONITO-MS-VETOR.png","width":5065,"height":1612,"caption":"Ag\u00eancia Roteiro Bonito MS"},"image":{"@id":"https:\/\/roteirobonitoms.com.br\/es\/#\/schema\/logo\/image\/"},"sameAs":["https:\/\/www.facebook.com\/roteirobonitoms","https:\/\/www.instagram.com\/roteirobonitoms\/","https:\/\/www.tripadvisor.com.br\/Attraction_Review-g303349-d17416687-Reviews-Agencia_Roteiro_Bonito_MS-Bonito_State_of_Mato_Grosso_do_Sul.html","https:\/\/www.tiktok.com\/@roteirobonitoms"],"description":"Ag\u00eancia de turismo em Bonito, a capital do ecoturismo no Brasil. Cuidamos de tudo na sua viagem.","email":"contato@roteirobonitoms.com.br","telephone":"(67) 99287-7025","legalName":"Roteiro Bonito Ms Operadora de Viagens","foundingDate":"2017-11-20","vatID":"29.101.637\/0001-56","numberOfEmployees":{"@type":"QuantitativeValue","minValue":"1","maxValue":"10"}}]}},"_links":{"self":[{"href":"https:\/\/roteirobonitoms.com.br\/es\/wp-json\/wp\/v2\/pages\/1340","targetHints":{"allow":["GET"]}}],"collection":[{"href":"https:\/\/roteirobonitoms.com.br\/es\/wp-json\/wp\/v2\/pages"}],"about":[{"href":"https:\/\/roteirobonitoms.com.br\/es\/wp-json\/wp\/v2\/types\/page"}],"author":[{"embeddable":true,"href":"https:\/\/roteirobonitoms.com.br\/es\/wp-json\/wp\/v2\/users\/1"}],"replies":[{"embeddable":true,"href":"https:\/\/roteirobonitoms.com.br\/es\/wp-json\/wp\/v2\/comments?post=1340"}],"version-history":[{"count":0,"href":"https:\/\/roteirobonitoms.com.br\/es\/wp-json\/wp\/v2\/pages\/1340\/revisions"}],"wp:attachment":[{"href":"https:\/\/roteirobonitoms.com.br\/es\/wp-json\/wp\/v2\/media?parent=1340"}],"curies":[{"name":"wp","href":"https:\/\/api.w.org\/{rel}","templated":true}]}}